{"id":23976,"date":"2023-03-10T09:30:20","date_gmt":"2023-03-10T09:30:20","guid":{"rendered":"https:\/\/www.qualicer.org\/?page_id=23976"},"modified":"2023-03-10T10:58:55","modified_gmt":"2023-03-10T10:58:55","slug":"collaborating-bodies","status":"publish","type":"page","link":"https:\/\/www.qualicer.org\/en\/collaborating-bodies\/","title":{"rendered":"Collaborating bodies"},"content":{"rendered":"<p>[et_pb_section fb_built=&#8221;1&#8243; custom_padding_last_edited=&#8221;off|desktop&#8221; admin_label=&#8221;Hero&#8221; _builder_version=&#8221;4.16&#8243; use_background_color_gradient=&#8221;on&#8221; background_color_gradient_stops=&#8221;#ffffff 0%|#e7edf9 100%&#8221; background_color_gradient_start=&#8221;#ffffff&#8221; background_color_gradient_end=&#8221;#e7edf9&#8243; custom_margin=&#8221;|||&#8221; custom_padding=&#8221;2px||2px|0px||&#8221; custom_padding_tablet=&#8221;130px||130px|&#8221; locked=&#8221;off&#8221; global_colors_info=&#8221;{}&#8221;][et_pb_row admin_label=&#8221;title and illustration&#8221; _builder_version=&#8221;4.20.0&#8243; background_size=&#8221;initial&#8221; background_position=&#8221;top_left&#8221; background_repeat=&#8221;repeat&#8221; min_height=&#8221;80px&#8221; custom_margin=&#8221;|||&#8221; custom_padding=&#8221;||0px|||&#8221; global_colors_info=&#8221;{}&#8221;][et_pb_column type=&#8221;4_4&#8243; _builder_version=&#8221;4.16&#8243; custom_padding=&#8221;|||&#8221; global_colors_info=&#8221;{}&#8221; custom_padding__hover=&#8221;|||&#8221;][et_pb_text _builder_version=&#8221;4.20.2&#8243; header_font=&#8221;Merriweather|700|||||||&#8221; header_font_size=&#8221;46px&#8221; header_line_height=&#8221;1.3em&#8221; custom_margin=&#8221;||-14px|||&#8221; animation_style=&#8221;flip&#8221; animation_direction=&#8221;top&#8221; global_colors_info=&#8221;{}&#8221;]<\/p>\n<h3><strong>Collaborating bodies<\/strong><\/h3>\n<p>[\/et_pb_text][\/et_pb_column][\/et_pb_row][\/et_pb_section][et_pb_section fb_built=&#8221;1&#8243; _builder_version=&#8221;4.19.4&#8243; _module_preset=&#8221;default&#8221; custom_padding=&#8221;54px|||||&#8221; locked=&#8221;off&#8221; global_colors_info=&#8221;{}&#8221;][et_pb_row column_structure=&#8221;2_3,1_3&#8243; _builder_version=&#8221;4.20.2&#8243; _module_preset=&#8221;default&#8221; custom_margin=&#8221;-43px|auto||auto||&#8221; custom_padding=&#8221;0px|||||&#8221; global_colors_info=&#8221;{}&#8221;][et_pb_column type=&#8221;2_3&#8243; _builder_version=&#8221;4.19.4&#8243; _module_preset=&#8221;default&#8221; global_colors_info=&#8221;{}&#8221;][et_pb_text _builder_version=&#8221;4.20.2&#8243; _module_preset=&#8221;default&#8221; text_font_size=&#8221;16px&#8221; custom_padding=&#8221;||0px|||&#8221; hover_enabled=&#8221;0&#8243; global_colors_info=&#8221;{}&#8221; sticky_enabled=&#8221;0&#8243;]<\/p>\n<ul>\n<li><a title=\"AEC. Asociaci\u00f3n Espa\u00f1ola para la Calidad. (ESPA\u00d1A) | Entidad colaboradora Qualicer 2012\" href=\"http:\/\/www.aec.es\/\" target=\"_blank\" rel=\"noopener\">AEC. Asociaci\u00f3n Espa\u00f1ola para la Calidad. (ESPA\u00d1A)<\/a><\/li>\n<li><a title=\"AENOR. Asociaci\u00f3n Espa\u00f1ola de Normalizaci\u00f3n y Certificaci\u00f3n. (ESPA\u00d1A) | Entidad colaboradora Qualicer 2012\" href=\"http:\/\/www.aenor.es\/\" target=\"_blank\" rel=\"noopener\">AENOR. Asociaci\u00f3n Espa\u00f1ola de Normalizaci\u00f3n y Certificaci\u00f3n. (ESPA\u00d1A)<\/a><\/li>\n<li><a title=\"ANFACER. Associa\u00e7\u00e3o Nacional dos Fabricantes de Cer\u00e2mica para Revestimiento (BRASIL) | Entidad colaboradora Qualicer 2012\" href=\"http:\/\/www.anfacer.org.br\/\" target=\"_blank\" rel=\"noopener\">ANFACER. Associa\u00e7\u00e3o Nacional dos Fabricantes de Cer\u00e2mica para Revestimiento (BRASIL)<\/a><\/li>\n<li><a title=\"ANFFECC. Asociaci\u00f3n Nacional de Fabricantes de Fritas, Esmaltes y Colores Cer\u00e1micos. (ESPA\u00d1A) | Entidad colaboradora Qualicer 2012\" href=\"http:\/\/www.anffecc.com\/\" target=\"_blank\" rel=\"noopener\">ANFFECC. Asociaci\u00f3n Nacional de Fabricantes de Fritas, Esmaltes y Colores Cer\u00e1micos. (ESPA\u00d1A)<\/a><\/li>\n<li><a title=\"ASCER. Asociaci\u00f3n Espa\u00f1ola de Fabricantes de Azulejos, Pavimentos y Baldosas Cer\u00e1micas (ESPA\u00d1A) | Entidad colaboradora Qualicer 2012\" href=\"http:\/\/www.spaintiles.info\/\" target=\"_blank\" rel=\"noopener\">ASCER. Asociaci\u00f3n Espa\u00f1ola de Fabricantes de Azulejos, Pavimentos y Baldosas Cer\u00e1micas (ESPA\u00d1A)<\/a><\/li>\n<li><a title=\"ASEBEC. Asociaci\u00f3n Espa\u00f1ola de Fabricantes de Maquinaria, y Bienes de Equipo para la Industria Cer\u00e1mica. (ESPA\u00d1A) | Entidad colaboradora Qualicer 2012\" href=\"http:\/\/www.asebec.org\/\" target=\"_blank\" rel=\"noopener\">ASEBEC. Asociaci\u00f3n Espa\u00f1ola de Fabricantes de Maquinaria, y Bienes de Equipo para la Industria Cer\u00e1mica. (ESPA\u00d1A)<\/a><\/li>\n<li><a title=\"Associa\u00e7\u00e3o Brasileira de Cer\u00e1mica (BRASIL) | Entidad colaboradora Qualicer 2012\" href=\"http:\/\/www.abceram.org.br\/\" target=\"_blank\" rel=\"noopener\">Associa\u00e7\u00e3o Brasileira de Cer\u00e1mica (BRASIL)<\/a><\/li>\n<li><a title=\"ATC. Asociaci\u00f3n Espa\u00f1ola de T\u00e9cnicos Cer\u00e1micos. (ESPA\u00d1A) | Entidad colaboradora Qualicer 2012\" href=\"http:\/\/www.atece.org\/\" target=\"_blank\" rel=\"noopener\">ATC. Asociaci\u00f3n Espa\u00f1ola de T\u00e9cnicos Cer\u00e1micos. (ESPA\u00d1A)<\/a><\/li>\n<li><a href=\"http:\/\/www.atacer.org.ar\/\">Asociaci\u00f3n T\u00e9cnica Argentina de Cer\u00e1mica\u00a0(Argentina)<\/a><\/li>\n<li><a title=\"Australian Ceramic Society. (AUSTRALIA) | Entidad colaboradora Qualicer 2012\" href=\"http:\/\/www.austceram.com\/\" target=\"_blank\" rel=\"noopener\">Australian Ceramic Society. (AUSTRALIA)<\/a><\/li>\n<li><a title=\"Australian Tile Conucil (AUSTRALIA) | Entidad colaboradora Qualicer 2012\" href=\"http:\/\/www.australiantilecouncil.com.au\/\" target=\"_blank\" rel=\"noopener\">Australian Tile Conucil (AUSTRALIA)<\/a><\/li>\n<li><a href=\"https:\/\/www.lucideon.com\/\">Lucideon (formerly Ceram in the UK and M+P Labs in the US ) (REINO UNIDO<\/a>)<\/li>\n<li><a title=\"British Standards Institution (REINO UNIDO) | Entidad colaboradora Qualicer 2012\" href=\"http:\/\/www.bsigroup.com\/\" target=\"_blank\" rel=\"noopener\">British Standards Institution (REINO UNIDO)<\/a><\/li>\n<li><a title=\"Centro Ceramico di Bologna (ITALIA) | Entidad colaboradora Qualicer 2012\" href=\"http:\/\/www.cencerbo.it\/\" target=\"_blank\" rel=\"noopener\">Centro Ceramico\u00a0 (ITALIA)<\/a><\/li>\n<li><a title=\"Ceramic Industry Certification Scheme Ltd. (REINO UNIDO) | Entidad colaboradora Qualicer 2012\" href=\"http:\/\/www.ceram.com\/\" target=\"_blank\" rel=\"noopener\">Ceramic Industry Certification Scheme Ltd. (REINO UNIDO)<\/a><\/li>\n<li><a title=\"Cevisama (ESPA\u00d1A) | Entidad colaboradora Qualicer 2012\" href=\"http:\/\/cevisama.feriavalencia.com\/\" target=\"_blank\" rel=\"noopener\">Cevisama (ESPA\u00d1A)<\/a><\/li>\n<li><a title=\"Club para la calidad cer\u00e1mica (ESPA\u00d1A) | Entidad colaboradora Qualicer 2012\" href=\"http:\/\/www.clubcalidadceramica.com\/\" target=\"_blank\" rel=\"noopener\">Club para la calidad cer\u00e1mica (ESPA\u00d1A)<\/a><\/li>\n<li><a title=\"COAC. Col\u00b7legi d'Arquitectes de Catalunya (ESPA\u00d1A) | Entidad colaboradora Qualicer 2012\" href=\"http:\/\/www.coac.net\/\" target=\"_blank\" rel=\"noopener\">COAC. Col\u00b7legi d\u2019Arquitectes de Catalunya (ESPA\u00d1A)<\/a><\/li>\n<li><a title=\"Col\u00b7legi d\u00b4Enginyers Industrials de Catalunya (ESPA\u00d1A) | Entidad colaboradora Qualicer 2012\" href=\"http:\/\/www.eic.cat\/\" target=\"_blank\" rel=\"noopener\">Col\u00b7legi d\u00b4Enginyers Industrials de Catalunya (ESPA\u00d1A)<\/a><\/li>\n<li><a title=\"Col\u00b7legi d\u2019Aparelladors i Arquitectes T\u00e8cnics de Barcelona (ESPA\u00d1A) | Entidad colaboradora Qualicer 2012\" href=\"http:\/\/www.apabcn.cat\/\" target=\"_blank\" rel=\"noopener\">Col\u00b7legi d\u2019Aparelladors i Arquitectes T\u00e8cnics de Barcelona (ESPA\u00d1A)<\/a><\/li>\n<li><a title=\"Colegio Oficial de Aparejadores y Arquitectos T\u00e9cnicos de Castell\u00f3n (ESPA\u00d1A) | Entidad colaboradora Qualicer 2012\" href=\"http:\/\/www.coaatcastellon.es\/\" target=\"_blank\" rel=\"noopener\">Colegio Oficial de Aparejadores y Arquitectos T\u00e9cnicos de Castell\u00f3n (ESPA\u00d1A)<\/a><\/li>\n<li><a title=\"Colegio Oficial de Aparejadores y Arquitectos T\u00e9cnicos de Valencia (ESPA\u00d1A) | Entidad colaboradora Qualicer 2012\" href=\"http:\/\/www.caatvalencia.es\/\" target=\"_blank\" rel=\"noopener\">Colegio Oficial de Aparejadores y Arquitectos T\u00e9cnicos de Valencia (ESPA\u00d1A)<\/a><\/li>\n<li><a title=\"Colegio Oficial de Arquitectos de la Comunidad Valenciana (ESPA\u00d1A) | Entidad colaboradora Qualicer 2012\" href=\"http:\/\/www.coacv.org\/\" target=\"_blank\" rel=\"noopener\">Colegio Oficial de Arquitectos de la Comunidad Valenciana (ESPA\u00d1A)<\/a><\/li>\n<li><a title=\"Colegio Oficial de Arquitectos de la Comunidad Valenciana. Demarcaci\u00f3n de Castell\u00f3n (ESPA\u00d1A) | Entidad colaboradora Qualicer 2012\" href=\"http:\/\/www.ctac.es\/\" target=\"_blank\" rel=\"noopener\">Colegio Oficial de Arquitectos de la Comunidad Valenciana. Demarcaci\u00f3n de Castell\u00f3n (ESPA\u00d1A)<\/a><\/li>\n<li>Colegio Oficial de Peritos e Ingenieros T\u00e9cnicos Industriales de Valencia. Delegaci\u00f3n de Castell\u00f3n. (ESPA\u00d1A)<\/li>\n<li><a title=\"CSIR. Division of Materials Science and Technology (SUD\u00c1FRICA) | Entidad colaboradora Qualicer 2012\" href=\"http:\/\/www.csir.co.za\/\" target=\"_blank\" rel=\"noopener\">CSIR. Division of Materials Science and Technology (SUD\u00c1FRICA)<\/a><\/li>\n<li><a title=\"CSIRO .Division of Building, Construction and Engineering. (AUSTRALIA) | Entidad colaboradora Qualicer 2012\" href=\"http:\/\/www.csiro.au\/org\" target=\"_blank\" rel=\"noopener\">CSIRO. Infraestructure Technologies (AUSTRALIA)<\/a><\/li>\n<li><a title=\"CTDA. Ceramic Tile Distributors Association (EEUU) | Entidad colaboradora Qualicer 2012\" href=\"http:\/\/www.ctdahome.org\/\" target=\"_blank\" rel=\"noopener\">CTDA. Ceramic Tile Distributors Association (EEUU)<\/a><\/li>\n<li><a title=\"ESCM. Escola Superior de Cer\u00e1mica. Manises (ESPA\u00d1A) | Entidad colaboradora Qualicer 2012\" href=\"http:\/\/www.esceramica.com\/\" target=\"_blank\" rel=\"noopener\">ESCM. Escola Superior de Cer\u00e1mica. Manises (ESPA\u00d1A)<\/a><\/li>\n<li><a title=\"Escola T\u00e8cnica Superior d\u2019Arquitectura. Universitat Polit\u00e8cnica de Catalunya (ESPA\u00d1A) | Entidad colaboradora Qualicer 2012\" href=\"http:\/\/www.upc.edu\/cda\" target=\"_blank\" rel=\"noopener\">Escola T\u00e8cnica Superior d\u2019Arquitectura. Universitat Polit\u00e8cnica de Catalunya (ESPA\u00d1A)<\/a><\/li>\n<li><a title=\"Escuela Universitaria de Arquitectura T\u00e9cnica. Universidad Polit\u00e9cnica Valencia (ESPA\u00d1A) | Entidad colaboradora Qualicer 2012\" href=\"http:\/\/www.upv.es\/\" target=\"_blank\" rel=\"noopener\">Escuela Universitaria de Arquitectura T\u00e9cnica. Universidad Polit\u00e9cnica Valencia (ESPA\u00d1A)<\/a><\/li>\n<li><a title=\"Fachverband des Deutschen Fliesengewerbes (ALEMANIA) | Entidad colaboradora Qualicer 2012\" href=\"http:\/\/www.fachverband-fliesen.de\/\" target=\"_blank\" rel=\"noopener\">Fachverband des Deutschen Fliesengewerbes (ALEMANIA)<\/a><\/li>\n<li><a title=\"Federation of European Tile Fixers Associations (Europ\u00e4ische Union der Fliesenfachverb\u00e4nde) (EUROPA) | Entidad colaboradora Qualicer 2012\" href=\"http:\/\/www.eufgs.com\/\" target=\"_blank\" rel=\"noopener\">Federation of European Tile Fixers Associations (Europ\u00e4ische Union der Fliesenfachverb\u00e4nde) (EUROPA)<\/a><\/li>\n<li><a title=\"FEUP- Faculdade de Engenharia da Universidade do Porto Dec-Departamento De Engenharia Civil (PORTUGAL) | Entidad colaboradora Qualicer 2012\" href=\"http:\/\/www.fe.up.pt\/\" target=\"_blank\" rel=\"noopener\">FEUP- Faculdade de Engenharia da Universidade do Porto Dec-Departamento De Engenharia Civil (PORTUGAL)<\/a><a title=\"Full Frontal Tile &amp; Stone Expo (AUSTRALIA) | Entidad colaboradora Qualicer 2012\" href=\"http:\/\/www.fullfrontalexpo.com\/\" target=\"_blank\" rel=\"noopener\"><\/a><\/li>\n<li><a title=\"ICF. International Ceramic Federation (EEUU) | Entidad colaboradora Qualicer 2012\" href=\"http:\/\/www.ceramic.or.jp\/icf\" target=\"_blank\" rel=\"noopener\">ICF. International Ceramic Federation (EEUU)<\/a><\/li>\n<li><a title=\"Industrieverband keramische Fliesen + Platten e.v. (ALEMANIA) | Entidad colaboradora Qualicer 2012\" href=\"http:\/\/www.fliesenverband.de\/\" target=\"_blank\" rel=\"noopener\">Industrieverband keramische Fliesen + Platten e.v. (ALEMANIA)<\/a><a title=\"Institut de Promoci\u00f3 Cer\u00e0mica-IPC. Diputaci\u00f3 de Castell\u00f3 (ESPA\u00d1A) | Entidad colaboradora Qualicer 2012\" href=\"http:\/\/www.ipc.org.es\/\" target=\"_blank\" rel=\"noopener\"><\/a><\/li>\n<li><a title=\"Instituto de Ciencias de la Construcci\u00f3n Eduardo Torroja, CSIC (ESPA\u00d1A) | Entidad colaboradora Qualicer 2012\" href=\"http:\/\/www.ietcc.csic.es\/\" target=\"_blank\" rel=\"noopener\">Instituto de Ciencias de la Construcci\u00f3n Eduardo Torroja, CSIC (ESPA\u00d1A)<\/a><\/li>\n<li><a title=\"ITC. Instituto de Tecnolog\u00eda Cer\u00e1mica (ESPA\u00d1A) | Entidad colaboradora Qualicer 2012\" href=\"http:\/\/www.itc.uji.es\/\" target=\"_blank\" rel=\"noopener\">ITC. Instituto de Tecnolog\u00eda Cer\u00e1mica (ESPA\u00d1A)<\/a><\/li>\n<li><a title=\"ITEC. INSTITUT DE TECNOLOGIA DE LA CONSTRUCCI\u00d3 DE CATALUNYA. (ESPA\u00d1A) | Entidad colaboradora Qualicer 2012\" href=\"http:\/\/www.itec.es\/\" target=\"_blank\" rel=\"noopener\">ITEC. INSTITUT DE TECNOLOGIA DE LA CONSTRUCCI\u00d3 DE CATALUNYA. (ESPA\u00d1A)<\/a><\/li>\n<li><a title=\"Laboratorio Cer\u00e1mico Sebastian Carpi (ESPA\u00d1A) | Entidad colaboradora Qualicer 2012\" href=\"http:\/\/www.laboratoriocarpi.com\/\" target=\"_blank\" rel=\"noopener\">Laboratorio Cer\u00e1mico Sebastian Carpi (ESPA\u00d1A)<\/a><\/li>\n<li><a title=\"NTCA. National Tile Contractors Association (EEUU) | Entidad colaboradora Qualicer 2012\" href=\"http:\/\/www.tile-assn.com\/\" target=\"_blank\" rel=\"noopener\">NTCA. National Tile Contractors Association (EEUU)<\/a><\/li>\n<li><a title=\"PROALSO. Asociaci\u00f3n Profesional de Alicatadores\/Soladores (ESPA\u00d1A) | Entidad colaboradora Qualicer 2012\" href=\"http:\/\/www.proalso.es\/\" target=\"_blank\" rel=\"noopener\">PROALSO. Asociaci\u00f3n Profesional de Alicatadores\/Soladores (ESPA\u00d1A)<\/a><\/li>\n<li><a title=\"Sociedad Espa\u00f1ola de Cer\u00e1mica y Vidrio (ESPA\u00d1A) | Entidad colaboradora Qualicer 2012\" href=\"http:\/\/www.secv.es\/\" target=\"_blank\" rel=\"noopener\">Sociedad Espa\u00f1ola de Cer\u00e1mica y Vidrio (ESPA\u00d1A)<\/a><\/li>\n<li><a title=\"Soci\u00e9t\u00e9 Fran\u00e7aise de C\u00e9ramique (FRANCIA) | Entidad colaboradora Qualicer 2012\" href=\"http:\/\/www.ceramique.fr\/\" target=\"_blank\" rel=\"noopener\">Soci\u00e9t\u00e9 Fran\u00e7aise de C\u00e9ramique (FRANCIA)<\/a><\/li>\n<li><a title=\"TCNA. Tile Council of North America Inc. (EEUU) | Entidad colaboradora Qualicer 2012\" href=\"http:\/\/www.tileusa.com\/\" target=\"_blank\" rel=\"noopener\">TCNA. Tile Council of North America Inc. (EEUU)<\/a><\/li>\n<\/ul>\n<p>[\/et_pb_text][\/et_pb_column][et_pb_column type=&#8221;1_3&#8243; _builder_version=&#8221;4.19.4&#8243; _module_preset=&#8221;default&#8221; global_colors_info=&#8221;{}&#8221;][et_pb_blurb title=&#8221;Concha Llorens&#8221; use_icon=&#8221;on&#8221; font_icon=&#8221;&#xf007;||fa||900&#8243; icon_color=&#8221;#4646c4&#8243; icon_placement=&#8221;left&#8221; _builder_version=&#8221;4.19.4&#8243; _module_preset=&#8221;default&#8221; custom_margin=&#8221;||7px|||&#8221; global_colors_info=&#8221;{}&#8221;][\/et_pb_blurb][et_pb_blurb title=&#8221;qualicer@qualicer.org&#8221; use_icon=&#8221;on&#8221; font_icon=&#8221;&#xe076;||divi||400&#8243; icon_color=&#8221;#4646c4&#8243; icon_placement=&#8221;left&#8221; _builder_version=&#8221;4.19.4&#8243; _module_preset=&#8221;default&#8221; custom_margin=&#8221;||8px|||&#8221; global_colors_info=&#8221;{}&#8221;][\/et_pb_blurb][et_pb_blurb title=&#8221;+34 964 356 500&#8243; use_icon=&#8221;on&#8221; font_icon=&#8221;&#xe090;||divi||400&#8243; icon_color=&#8221;#4646c4&#8243; icon_placement=&#8221;left&#8221; _builder_version=&#8221;4.19.4&#8243; _module_preset=&#8221;default&#8221; custom_margin=&#8221;||19px|||&#8221; custom_padding=&#8221;||0px|||&#8221; global_colors_info=&#8221;{}&#8221;][\/et_pb_blurb][et_pb_image src=&#8221;https:\/\/www.qualicer.org\/wp-content\/uploads\/2023\/03\/CC-Qualicer22-Ambiente010.jpg&#8221; title_text=&#8221;CC-Qualicer22-Ambiente010&#8243; force_fullwidth=&#8221;on&#8221; align_tablet=&#8221;center&#8221; align_phone=&#8221;center&#8221; align_last_edited=&#8221;on|desktop&#8221; admin_label=&#8221;illustration&#8221; _builder_version=&#8221;4.20.0&#8243; animation_style=&#8221;slide&#8221; animation_direction=&#8221;right&#8221; animation_intensity_slide=&#8221;10%&#8221; border_radii=&#8221;on|20px|20px|20px|20px&#8221; global_colors_info=&#8221;{}&#8221;][\/et_pb_image][\/et_pb_column][\/et_pb_row][\/et_pb_section]<\/p>\n","protected":false},"excerpt":{"rendered":"<p>Collaborating bodies AEC. Asociaci\u00f3n Espa\u00f1ola para la Calidad. (ESPA\u00d1A) AENOR. Asociaci\u00f3n Espa\u00f1ola de Normalizaci\u00f3n y Certificaci\u00f3n. (ESPA\u00d1A) ANFACER. Associa\u00e7\u00e3o Nacional dos Fabricantes de Cer\u00e2mica para Revestimiento (BRASIL) ANFFECC. Asociaci\u00f3n Nacional de Fabricantes de Fritas, Esmaltes y Colores Cer\u00e1micos. (ESPA\u00d1A) ASCER. Asociaci\u00f3n Espa\u00f1ola de Fabricantes de Azulejos, Pavimentos y Baldosas Cer\u00e1micas (ESPA\u00d1A) ASEBEC. Asociaci\u00f3n Espa\u00f1ola de [&hellip;]<\/p>\n","protected":false},"author":1,"featured_media":0,"parent":0,"menu_order":0,"comment_status":"closed","ping_status":"closed","template":"","meta":{"_et_pb_use_builder":"on","_et_pb_old_content":"","_et_gb_content_width":"","footnotes":""},"class_list":["post-23976","page","type-page","status-publish","hentry"],"_links":{"self":[{"href":"https:\/\/www.qualicer.org\/en\/wp-json\/wp\/v2\/pages\/23976","targetHints":{"allow":["GET"]}}],"collection":[{"href":"https:\/\/www.qualicer.org\/en\/wp-json\/wp\/v2\/pages"}],"about":[{"href":"https:\/\/www.qualicer.org\/en\/wp-json\/wp\/v2\/types\/page"}],"author":[{"embeddable":true,"href":"https:\/\/www.qualicer.org\/en\/wp-json\/wp\/v2\/users\/1"}],"replies":[{"embeddable":true,"href":"https:\/\/www.qualicer.org\/en\/wp-json\/wp\/v2\/comments?post=23976"}],"version-history":[{"count":6,"href":"https:\/\/www.qualicer.org\/en\/wp-json\/wp\/v2\/pages\/23976\/revisions"}],"predecessor-version":[{"id":23997,"href":"https:\/\/www.qualicer.org\/en\/wp-json\/wp\/v2\/pages\/23976\/revisions\/23997"}],"wp:attachment":[{"href":"https:\/\/www.qualicer.org\/en\/wp-json\/wp\/v2\/media?parent=23976"}],"curies":[{"name":"wp","href":"https:\/\/api.w.org\/{rel}","templated":true}]}}