{"id":23573,"date":"2023-02-28T10:17:18","date_gmt":"2023-02-28T10:17:18","guid":{"rendered":"https:\/\/www.qualicer.org\/?page_id=23573"},"modified":"2025-05-13T09:07:03","modified_gmt":"2025-05-13T09:07:03","slug":"selection-of-summaries-by-the-technical-committee","status":"publish","type":"page","link":"https:\/\/www.qualicer.org\/en\/call-for-papers\/selection-of-summaries-by-the-technical-committee\/","title":{"rendered":"Selection of summaries by the Technical Committee"},"content":{"rendered":"<p>[et_pb_section fb_built=&#8221;1&#8243; custom_padding_last_edited=&#8221;off|desktop&#8221; admin_label=&#8221;hero section&#8221; _builder_version=&#8221;4.19.5&#8243; use_background_color_gradient=&#8221;on&#8221; background_color_gradient_stops=&#8221;#ffffff 0%|#e7edf9 100%&#8221; background_color_gradient_start=&#8221;#ffffff&#8221; background_color_gradient_end=&#8221;#e7edf9&#8243; custom_margin=&#8221;|||&#8221; custom_padding=&#8221;0px||100px|||&#8221; custom_padding_tablet=&#8221;130px||130px|&#8221; locked=&#8221;off&#8221; global_colors_info=&#8221;{}&#8221;][et_pb_row _builder_version=&#8221;4.19.4&#8243; _module_preset=&#8221;default&#8221; custom_padding=&#8221;||1px|||&#8221; locked=&#8221;off&#8221; global_colors_info=&#8221;{}&#8221;][et_pb_column type=&#8221;4_4&#8243; _builder_version=&#8221;4.19.4&#8243; _module_preset=&#8221;default&#8221; global_colors_info=&#8221;{}&#8221;][lwp_divi_breadcrumbs _builder_version=&#8221;4.19.4&#8243; _module_preset=&#8221;default&#8221; global_colors_info=&#8221;{}&#8221;][\/lwp_divi_breadcrumbs][\/et_pb_column][\/et_pb_row][et_pb_row column_structure=&#8221;3_5,2_5&#8243; admin_label=&#8221;title and illustration&#8221; _builder_version=&#8221;4.19.4&#8243; background_size=&#8221;initial&#8221; background_position=&#8221;top_left&#8221; background_repeat=&#8221;repeat&#8221; custom_margin=&#8221;|||&#8221; custom_padding=&#8221;9px|||||&#8221; global_colors_info=&#8221;{}&#8221;][et_pb_column type=&#8221;3_5&#8243; _builder_version=&#8221;4.16&#8243; custom_padding=&#8221;|||&#8221; global_colors_info=&#8221;{}&#8221; custom_padding__hover=&#8221;|||&#8221;][et_pb_text _builder_version=&#8221;4.20.0&#8243; text_font=&#8221;||||||||&#8221; header_font=&#8221;Merriweather|700|||||||&#8221; header_text_color=&#8221;#&#8221; header_font_size=&#8221;46px&#8221; header_line_height=&#8221;1.3em&#8221; custom_margin=&#8221;||-11px|||&#8221; animation_style=&#8221;flip&#8221; animation_direction=&#8221;top&#8221; global_colors_info=&#8221;{}&#8221;]<\/p>\n<h2>Selection of summaries by the Technical Committee<\/h2>\n<p>[\/et_pb_text][et_pb_text _builder_version=&#8221;4.27.4&#8243; text_font=&#8221;||||||||&#8221; text_font_size=&#8221;16px&#8221; text_line_height=&#8221;1.8em&#8221; custom_margin=&#8221;16px|||||&#8221; animation_style=&#8221;flip&#8221; animation_direction=&#8221;top&#8221; animation_delay=&#8221;100ms&#8221; hover_enabled=&#8221;0&#8243; global_colors_info=&#8221;{}&#8221; sticky_enabled=&#8221;0&#8243;]<\/p>\n<p>Abstracts will be studied by the Technical Committee. Authors will be informed\u00a0 \u00a0 regarding initial acceptance of their work, together with any relevant remarks.<\/p>\n<p>Complete works will be submitted to the Organization\u00a0<\/p>\n<p><span lang=\"EN-GB\">We should like to remind you that Qualicer publications have a<span class=\"apple-converted-space\"> <\/span><strong><span>ISSN: 2444-9644<\/span><\/strong>. There is also a<span class=\"apple-converted-space\"> <\/span><strong><span>ISBN<\/span><\/strong><span class=\"apple-converted-space\"> <\/span>regarding each edition of the congress.<\/span><\/p>\n<p>[\/et_pb_text][\/et_pb_column][et_pb_column type=&#8221;2_5&#8243; _builder_version=&#8221;4.16&#8243; custom_padding=&#8221;|||&#8221; global_colors_info=&#8221;{}&#8221; custom_padding__hover=&#8221;|||&#8221;][et_pb_image src=&#8221;https:\/\/www.qualicer.org\/wp-content\/uploads\/2025\/05\/MONOLITOS-Y-LONA-FACHADA-.jpg&#8221; title_text=&#8221;MONOLITOS Y LONA FACHADA&#8221; force_fullwidth=&#8221;on&#8221; align_tablet=&#8221;center&#8221; align_phone=&#8221;center&#8221; align_last_edited=&#8221;on|desktop&#8221; _builder_version=&#8221;4.27.4&#8243; animation_style=&#8221;slide&#8221; animation_direction=&#8221;right&#8221; animation_intensity_slide=&#8221;10%&#8221; border_radii=&#8221;on|20px|20px|20px|20px&#8221; always_center_on_mobile=&#8221;on&#8221; global_colors_info=&#8221;{}&#8221;][\/et_pb_image][\/et_pb_column][\/et_pb_row][\/et_pb_section]<\/p>\n","protected":false},"excerpt":{"rendered":"<p><div class=\"et_pb_module lwp_divi_breadcrumbs lwp_divi_breadcrumbs_0\">\n\t\t\t\t\n\t\t\t\t\n\t\t\t\t\n\t\t\t\t\n\t\t\t\t\n\t\t\t\t\n\t\t\t\t<div class=\"et_pb_module_inner\">\n\t\t\t\t\t<div class=\"lwp-breadcrumbs\"> <span class=\"before\"><\/span> <span vocab=\"https:\/\/schema.org\/\" typeof=\"BreadcrumbList\"><span property=\"itemListElement\" typeof=\"ListItem\"><a property=\"item\" typeof=\"WebPage\" href=\"https:\/\/www.qualicer.org\/en\/\" class=\"home\"><span property=\"name\">Home<\/span><\/a><meta property=\"position\" content=\"1\"><\/span> <span class=\"separator et-pb-icon\">&#x39;<\/span> <\/span><\/div>\n\t\t\t\t<\/div>\n\t\t\t<\/div>Selection of summaries by the Technical CommitteeAbstracts will be studied by the Technical Committee. Authors will be informed\u00a0 \u00a0 regarding initial acceptance of their work, together with any relevant remarks. Complete works will be submitted to the Organization\u00a0 We should like to remind you that Qualicer publications have a ISSN: 2444-9644. There [&hellip;]<\/p>\n","protected":false},"author":1,"featured_media":0,"parent":23303,"menu_order":0,"comment_status":"closed","ping_status":"closed","template":"","meta":{"_et_pb_use_builder":"on","_et_pb_old_content":"[et_pb_section fb_built=\"1\" custom_padding_last_edited=\"off|desktop\" admin_label=\"hero section\" _builder_version=\"4.19.5\" use_background_color_gradient=\"on\" background_color_gradient_stops=\"#ffffff 0%|#e7edf9 100%\" background_color_gradient_start=\"#ffffff\" background_color_gradient_end=\"#e7edf9\" custom_margin=\"|||\" custom_padding=\"50px||100px|||\" custom_padding_tablet=\"130px||130px|\" locked=\"off\" global_colors_info=\"{}\"][et_pb_row _builder_version=\"4.19.4\" _module_preset=\"default\" locked=\"off\" global_colors_info=\"{}\"][et_pb_column type=\"4_4\" _builder_version=\"4.19.4\" _module_preset=\"default\" global_colors_info=\"{}\"][lwp_divi_breadcrumbs _builder_version=\"4.19.4\" _module_preset=\"default\" global_colors_info=\"{}\"][\/lwp_divi_breadcrumbs][\/et_pb_column][\/et_pb_row][et_pb_row column_structure=\"3_5,2_5\" admin_label=\"title and illustration\" _builder_version=\"4.19.4\" background_size=\"initial\" background_position=\"top_left\" background_repeat=\"repeat\" custom_margin=\"|||\" global_colors_info=\"{}\"][et_pb_column type=\"3_5\" _builder_version=\"4.16\" custom_padding=\"|||\" global_colors_info=\"{}\" custom_padding__hover=\"|||\"][et_pb_text _builder_version=\"4.19.4\" text_font=\"||||||||\" header_font=\"Merriweather|700|||||||\" header_text_color=\"#\" header_font_size=\"46px\" header_line_height=\"1.3em\" custom_margin=\"||0px|\" animation_style=\"flip\" animation_direction=\"top\" global_colors_info=\"{}\"]\n<h1>Selecci\u00f3n de res\u00famenes<\/h1>\n[\/et_pb_text][et_pb_divider color=\"#4646c4\" divider_position=\"center\" divider_weight=\"2px\" _builder_version=\"4.16\" max_width=\"90px\" max_width_tablet=\"12%\" max_width_last_edited=\"off|desktop\" custom_margin=\"|||\" animation_style=\"flip\" animation_delay=\"50ms\" global_colors_info=\"{}\"][\/et_pb_divider][et_pb_text _builder_version=\"4.19.5\" text_font=\"||||||||\" text_font_size=\"16px\" text_line_height=\"1.8em\" custom_margin=\"25px|||\" animation_style=\"flip\" animation_direction=\"top\" animation_delay=\"100ms\" hover_enabled=\"0\" global_colors_info=\"{}\" sticky_enabled=\"0\"]\n\nTodos los res\u00famenes entregados dentro de plazo ser\u00e1n evaluados por el Comit\u00e9 T\u00e9cnico.\n\nLos autores recibir\u00e1n la notificaci\u00f3n de su aceptaci\u00f3n o rechazo durante el mes de Junio.\n\nLos trabajos definitivos deber\u00e1n ser remitidos a la organizaci\u00f3n antes del&nbsp;<strong>30 de Septiembre de 2023<\/strong>.\n<ul>\n \t<li><strong>Exposici\u00f3n y Publicaci\u00f3n de las Comunicaciones<\/strong><\/li>\n<\/ul>\nLas ponencias y p\u00f3steres que sean seleccionados por el Comit\u00e9 T\u00e9cnico de QUALICER, ser\u00e1n expuestos por sus autores durante el Congreso, as\u00ed como publicados y entregados a los asistentes al comenzar el mismo.\n\nAsimismo se publicar\u00e1n en el apartado recopilatorio de nuestra p\u00e1gina web:&nbsp;<strong><a href=\"https:\/\/www.qualicer.org\/recopilatorio\/\">https:\/\/www.qualicer.org\/recopilatorio\/<\/a><\/strong>\n\nLes recordamos que las publicaciones de Qualicer cuentan con un&nbsp;<strong>ISSN:&nbsp;<\/strong>2444-9644 y con un&nbsp;<strong>ISBN<\/strong>&nbsp;correspondiente a cada edici\u00f3n del Congreso\n\n<strong>PONENCIAS.-<\/strong>&nbsp;El tiempo de exposici\u00f3n de cada ponencia ser\u00e1 de 20 minutos seguidos de 5 minutos de coloquio.\n\n<strong>P\u00d3STERES<\/strong>.- Los p\u00f3steres seleccionados podr\u00e1n ser expuestos durante el Congreso en el recinto destinado al efecto. Para la exposici\u00f3n deber\u00e1n seguirse las normas y recomendaciones que para la presentaci\u00f3n de p\u00f3steres ha establecido la Organizaci\u00f3n de QUALICER.\n\n[\/et_pb_text][\/et_pb_column][et_pb_column type=\"2_5\" _builder_version=\"4.16\" custom_padding=\"|||\" global_colors_info=\"{}\" custom_padding__hover=\"|||\"][et_pb_image src=\"https:\/\/www.qualicer.org\/wp-content\/uploads\/2023\/01\/conference_illustration_05.png\" force_fullwidth=\"on\" align_tablet=\"center\" align_phone=\"center\" align_last_edited=\"on|desktop\" _builder_version=\"4.16\" animation_style=\"slide\" animation_direction=\"right\" animation_intensity_slide=\"10%\" always_center_on_mobile=\"on\" global_colors_info=\"{}\"][\/et_pb_image][\/et_pb_column][\/et_pb_row][\/et_pb_section]","_et_gb_content_width":"","footnotes":""},"class_list":["post-23573","page","type-page","status-publish","hentry"],"_links":{"self":[{"href":"https:\/\/www.qualicer.org\/en\/wp-json\/wp\/v2\/pages\/23573","targetHints":{"allow":["GET"]}}],"collection":[{"href":"https:\/\/www.qualicer.org\/en\/wp-json\/wp\/v2\/pages"}],"about":[{"href":"https:\/\/www.qualicer.org\/en\/wp-json\/wp\/v2\/types\/page"}],"author":[{"embeddable":true,"href":"https:\/\/www.qualicer.org\/en\/wp-json\/wp\/v2\/users\/1"}],"replies":[{"embeddable":true,"href":"https:\/\/www.qualicer.org\/en\/wp-json\/wp\/v2\/comments?post=23573"}],"version-history":[{"count":17,"href":"https:\/\/www.qualicer.org\/en\/wp-json\/wp\/v2\/pages\/23573\/revisions"}],"predecessor-version":[{"id":26167,"href":"https:\/\/www.qualicer.org\/en\/wp-json\/wp\/v2\/pages\/23573\/revisions\/26167"}],"up":[{"embeddable":true,"href":"https:\/\/www.qualicer.org\/en\/wp-json\/wp\/v2\/pages\/23303"}],"wp:attachment":[{"href":"https:\/\/www.qualicer.org\/en\/wp-json\/wp\/v2\/media?parent=23573"}],"curies":[{"name":"wp","href":"https:\/\/api.w.org\/{rel}","templated":true}]}}