{"id":23537,"date":"2023-02-28T09:04:39","date_gmt":"2023-02-28T09:04:39","guid":{"rendered":"https:\/\/www.qualicer.org\/?page_id=23537"},"modified":"2024-01-29T13:23:27","modified_gmt":"2024-01-29T13:23:27","slug":"technical-committee-qualicer","status":"publish","type":"page","link":"https:\/\/www.qualicer.org\/en\/technical-committee-qualicer\/","title":{"rendered":"Technical Committee Qualicer"},"content":{"rendered":"<p>[et_pb_section fb_built=&#8221;1&#8243; custom_padding_last_edited=&#8221;off|desktop&#8221; admin_label=&#8221;Hero&#8221; _builder_version=&#8221;4.16&#8243; use_background_color_gradient=&#8221;on&#8221; background_color_gradient_stops=&#8221;#ffffff 0%|#e7edf9 100%&#8221; background_color_gradient_start=&#8221;#ffffff&#8221; background_color_gradient_end=&#8221;#e7edf9&#8243; custom_margin=&#8221;|||&#8221; custom_padding=&#8221;2px||2px|0px||&#8221; custom_padding_tablet=&#8221;130px||130px|&#8221; global_colors_info=&#8221;{}&#8221;][et_pb_row column_structure=&#8221;3_4,1_4&#8243; admin_label=&#8221;title and illustration&#8221; _builder_version=&#8221;4.19.4&#8243; background_size=&#8221;initial&#8221; background_position=&#8221;top_left&#8221; background_repeat=&#8221;repeat&#8221; min_height=&#8221;153px&#8221; custom_margin=&#8221;|||&#8221; custom_padding=&#8221;||0px|||&#8221; global_colors_info=&#8221;{}&#8221;][et_pb_column type=&#8221;3_4&#8243; _builder_version=&#8221;4.16&#8243; custom_padding=&#8221;|||&#8221; global_colors_info=&#8221;{}&#8221; custom_padding__hover=&#8221;|||&#8221;][et_pb_text _builder_version=&#8221;4.21.0&#8243; header_font=&#8221;Merriweather|700|||||||&#8221; header_font_size=&#8221;46px&#8221; header_line_height=&#8221;1.3em&#8221; custom_margin=&#8221;||0px|&#8221; animation_style=&#8221;flip&#8221; animation_direction=&#8221;top&#8221; global_colors_info=&#8221;{}&#8221;]<\/p>\n<h2><strong>Technical\u00a0 Committee Qualicer\u00a0<\/strong><\/h2>\n<p>[\/et_pb_text][et_pb_divider color=&#8221;#4646c4&#8243; divider_position=&#8221;center&#8221; divider_weight=&#8221;2px&#8221; _builder_version=&#8221;4.16&#8243; max_width=&#8221;90px&#8221; max_width_tablet=&#8221;12%&#8221; max_width_last_edited=&#8221;off|desktop&#8221; custom_margin=&#8221;|||&#8221; animation_style=&#8221;flip&#8221; animation_delay=&#8221;50ms&#8221; global_colors_info=&#8221;{}&#8221;][\/et_pb_divider][\/et_pb_column][et_pb_column type=&#8221;1_4&#8243; _builder_version=&#8221;4.16&#8243; custom_padding=&#8221;|||&#8221; global_colors_info=&#8221;{}&#8221; custom_padding__hover=&#8221;|||&#8221;][et_pb_image src=&#8221;https:\/\/www.qualicer.org\/wp-content\/uploads\/2023\/01\/conference_illustration_07.png&#8221; force_fullwidth=&#8221;on&#8221; align_tablet=&#8221;center&#8221; align_phone=&#8221;center&#8221; align_last_edited=&#8221;on|desktop&#8221; admin_label=&#8221;illustration&#8221; _builder_version=&#8221;4.16&#8243; animation_style=&#8221;slide&#8221; animation_direction=&#8221;right&#8221; animation_intensity_slide=&#8221;10%&#8221; global_colors_info=&#8221;{}&#8221;][\/et_pb_image][\/et_pb_column][\/et_pb_row][\/et_pb_section][et_pb_section fb_built=&#8221;1&#8243; admin_label=&#8221;Speakers&#8221; _builder_version=&#8221;4.16&#8243; custom_padding=&#8221;25px||0px|||&#8221; animation_style=&#8221;zoom&#8221; animation_intensity_zoom=&#8221;10%&#8221; locked=&#8221;off&#8221; global_colors_info=&#8221;{}&#8221;][et_pb_row _builder_version=&#8221;4.19.4&#8243; _module_preset=&#8221;default&#8221; global_colors_info=&#8221;{}&#8221;][et_pb_column type=&#8221;4_4&#8243; _builder_version=&#8221;4.19.4&#8243; _module_preset=&#8221;default&#8221; global_colors_info=&#8221;{}&#8221;][et_pb_text _builder_version=&#8221;4.20.0&#8243; _module_preset=&#8221;default&#8221; global_colors_info=&#8221;{}&#8221;]<\/p>\n<h1 style=\"text-align: center;\">President: Rafael Vicent<\/h1>\n<p>[\/et_pb_text][\/et_pb_column][\/et_pb_row][\/et_pb_section][et_pb_section fb_built=&#8221;1&#8243; _builder_version=&#8221;4.19.4&#8243; _module_preset=&#8221;default&#8221; locked=&#8221;off&#8221; global_colors_info=&#8221;{}&#8221;][et_pb_row column_structure=&#8221;1_3,1_3,1_3&#8243; _builder_version=&#8221;4.19.4&#8243; _module_preset=&#8221;default&#8221; custom_margin=&#8221;-43px|auto||auto||&#8221; global_colors_info=&#8221;{}&#8221;][et_pb_column type=&#8221;1_3&#8243; _builder_version=&#8221;4.19.4&#8243; _module_preset=&#8221;default&#8221; global_colors_info=&#8221;{}&#8221;][et_pb_text _builder_version=&#8221;4.20.0&#8243; _module_preset=&#8221;default&#8221; global_colors_info=&#8221;{}&#8221;]<\/p>\n<h3><strong>BLOCK\u00a0A:<\/strong><\/h3>\n<h6><strong>Ceramic enterprise and markets<\/strong><\/h6>\n<p><strong>Vicepresident :<\/strong><strong>\u00a0<\/strong>Jos\u00e9 Manrique<\/p>\n<p><strong>Members:<\/strong><\/p>\n<ul>\n<li>Javier Cabedo<\/li>\n<li>Lluis Callarisa<\/li>\n<li>Susana Carmena<\/li>\n<li>Francisco Corma<\/li>\n<li>Enrique Dom\u00ednguez<\/li>\n<li>Carlos Feliu<\/li>\n<li>Miguel Galindo<\/li>\n<li>David Gobert<\/li>\n<li>Vicente L\u00e1zaro<\/li>\n<li>Miguel Angel Moliner<\/li>\n<li>Jos\u00e9 Miguel Morte<\/li>\n<li>Javier Portol\u00e9s<\/li>\n<li>Javier Sastre<\/li>\n<\/ul>\n<p>[\/et_pb_text][\/et_pb_column][et_pb_column type=&#8221;1_3&#8243; _builder_version=&#8221;4.19.4&#8243; _module_preset=&#8221;default&#8221; global_colors_info=&#8221;{}&#8221;][et_pb_text _builder_version=&#8221;4.24.0&#8243; _module_preset=&#8221;default&#8221; hover_enabled=&#8221;0&#8243; global_colors_info=&#8221;{}&#8221; sticky_enabled=&#8221;0&#8243;]<\/p>\n<h3><strong>BLOCK\u00a0<\/strong><strong>B:<\/strong><\/h3>\n<h6><strong>Ceramic tile and construction<\/strong><\/h6>\n<p><strong>Vicepresident:\u00a0<\/strong>Javier Mira<\/p>\n<p><strong>Members:\u00a0<\/strong><\/p>\n<ul>\n<li>Martin Bechthold <em>(USA<\/em>)<\/li>\n<li>Alexandra Bell\u00e9s<\/li>\n<li>Bart Bettiga (<em>USA<\/em>)<\/li>\n<li>Richard Bowman (<em>Australia<\/em>)<\/li>\n<li>Iv\u00e1n Cabrera<\/li>\n<li>Colin Cass <em>(Australia<\/em>)<\/li>\n<li>Ryan Fasan <em>(Canada<\/em>)<\/li>\n<li>Mat\u00edas Mart\u00ednez<\/li>\n<li>Jon\u00e1s S. Medeiros (<em>Brazil<\/em>)<\/li>\n<li>Gabriel Ort\u00edn<\/li>\n<li>Silvia P\u00e9rez Amor\u00f3s<\/li>\n<li>Juli\u00e1n P\u00e9rez Navarro<\/li>\n<li>Angel Pitarch<\/li>\n<li>Jaime Prior<\/li>\n<li>Jordi Navarro<\/li>\n<li>Vicente Sarrablo<\/li>\n<li>Gonzalo Silva<\/li>\n<li>Rosa Urbano <em>(United Kingdom)<\/em><\/li>\n<li>Jorge Viebig<\/li>\n<\/ul>\n<p>[\/et_pb_text][\/et_pb_column][et_pb_column type=&#8221;1_3&#8243; _builder_version=&#8221;4.19.4&#8243; _module_preset=&#8221;default&#8221; global_colors_info=&#8221;{}&#8221;][et_pb_text _builder_version=&#8221;4.24.0&#8243; _module_preset=&#8221;default&#8221; hover_enabled=&#8221;0&#8243; global_colors_info=&#8221;{}&#8221; sticky_enabled=&#8221;0&#8243;]<\/p>\n<h3><strong>BLOCK C<\/strong><strong>:<\/strong><\/h3>\n<h6><strong>Ceramic tile manufacture<\/strong><\/h6>\n<p><strong>Vicepresident:<\/strong><strong>\u00a0<\/strong>Eliseo Monfort<\/p>\n<p><strong>Members:\u00a0<\/strong><\/p>\n<ul>\n<li>Juan Aparisi<\/li>\n<li>Maria Chiara Bignozzi (<em>Italy<\/em>)<\/li>\n<li>M\u00aa Jos\u00e9 Cabrera<\/li>\n<li>Juan Carda<\/li>\n<li>Raquel Catal\u00e1n Brenes<\/li>\n<li>M\u00e1ximo Dolz<\/li>\n<li>Michele Dondi\u00a0 (<em>Italy<\/em>)<\/li>\n<li>Jos\u00e9 Antonio Est\u00edbalez<\/li>\n<li>Jorge Fabregat<\/li>\n<li>Francisco Jos\u00e9 Ferrando<\/li>\n<li>Javier Garc\u00eda Ten<\/li>\n<li>Mat\u00edas Gras<\/li>\n<li>Isabel Guill\u00e9n<\/li>\n<li>F\u00e1bio G. Melchiades (<em>Brazil<\/em>)<\/li>\n<li>Juan Jos\u00e9 Montoro<\/li>\n<li>Arnaldo Moreno<\/li>\n<li>Servet Turan (<em>T\u00fcrkiye<\/em>)<\/li>\n<\/ul>\n<p>[\/et_pb_text][\/et_pb_column][\/et_pb_row][\/et_pb_section]<\/p>\n","protected":false},"excerpt":{"rendered":"<p>Technical\u00a0 Committee Qualicer\u00a0President: Rafael VicentBLOCK\u00a0A: Ceramic enterprise and markets Vicepresident :\u00a0Jos\u00e9 Manrique Members: Javier Cabedo Lluis Callarisa Susana Carmena Francisco Corma Enrique Dom\u00ednguez Carlos Feliu Miguel Galindo David Gobert Vicente L\u00e1zaro Miguel Angel Moliner Jos\u00e9 Miguel Morte Javier Portol\u00e9s Javier Sastre BLOCK\u00a0B: Ceramic tile and construction Vicepresident:\u00a0Javier Mira Members:\u00a0 Martin Bechthold (USA) Alexandra Bell\u00e9s Bart [&hellip;]<\/p>\n","protected":false},"author":1,"featured_media":0,"parent":0,"menu_order":0,"comment_status":"closed","ping_status":"closed","template":"","meta":{"_et_pb_use_builder":"on","_et_pb_old_content":"","_et_gb_content_width":"","footnotes":""},"class_list":["post-23537","page","type-page","status-publish","hentry"],"_links":{"self":[{"href":"https:\/\/www.qualicer.org\/en\/wp-json\/wp\/v2\/pages\/23537","targetHints":{"allow":["GET"]}}],"collection":[{"href":"https:\/\/www.qualicer.org\/en\/wp-json\/wp\/v2\/pages"}],"about":[{"href":"https:\/\/www.qualicer.org\/en\/wp-json\/wp\/v2\/types\/page"}],"author":[{"embeddable":true,"href":"https:\/\/www.qualicer.org\/en\/wp-json\/wp\/v2\/users\/1"}],"replies":[{"embeddable":true,"href":"https:\/\/www.qualicer.org\/en\/wp-json\/wp\/v2\/comments?post=23537"}],"version-history":[{"count":14,"href":"https:\/\/www.qualicer.org\/en\/wp-json\/wp\/v2\/pages\/23537\/revisions"}],"predecessor-version":[{"id":25235,"href":"https:\/\/www.qualicer.org\/en\/wp-json\/wp\/v2\/pages\/23537\/revisions\/25235"}],"wp:attachment":[{"href":"https:\/\/www.qualicer.org\/en\/wp-json\/wp\/v2\/media?parent=23537"}],"curies":[{"name":"wp","href":"https:\/\/api.w.org\/{rel}","templated":true}]}}