{"id":23515,"date":"2023-02-28T08:37:52","date_gmt":"2023-02-28T08:37:52","guid":{"rendered":"https:\/\/www.qualicer.org\/?page_id=23515"},"modified":"2023-06-13T08:52:02","modified_gmt":"2023-06-13T08:52:02","slug":"we-want-to-become-a-sponsor","status":"publish","type":"page","link":"https:\/\/www.qualicer.org\/en\/we-want-to-become-a-sponsor\/","title":{"rendered":"We want to become a Sponsor"},"content":{"rendered":"<p>[et_pb_section fb_built=&#8221;1&#8243; custom_padding_last_edited=&#8221;off|desktop&#8221; admin_label=&#8221;Hero&#8221; _builder_version=&#8221;4.16&#8243; use_background_color_gradient=&#8221;on&#8221; background_color_gradient_stops=&#8221;#ffffff 0%|#e7edf9 100%&#8221; background_color_gradient_start=&#8221;#ffffff&#8221; background_color_gradient_end=&#8221;#e7edf9&#8243; custom_margin=&#8221;|||&#8221; custom_padding=&#8221;2px||2px|0px||&#8221; custom_padding_tablet=&#8221;130px||130px|&#8221; global_colors_info=&#8221;{}&#8221;][et_pb_row admin_label=&#8221;title and illustration&#8221; _builder_version=&#8221;4.20.0&#8243; background_size=&#8221;initial&#8221; background_position=&#8221;top_left&#8221; background_repeat=&#8221;repeat&#8221; min_height=&#8221;80px&#8221; custom_margin=&#8221;|||&#8221; custom_padding=&#8221;||0px|||&#8221; global_colors_info=&#8221;{}&#8221;][et_pb_column type=&#8221;4_4&#8243; _builder_version=&#8221;4.16&#8243; custom_padding=&#8221;|||&#8221; global_colors_info=&#8221;{}&#8221; custom_padding__hover=&#8221;|||&#8221;][et_pb_text _builder_version=&#8221;4.20.0&#8243; header_font=&#8221;Merriweather|700|||||||&#8221; header_font_size=&#8221;46px&#8221; header_line_height=&#8221;1.3em&#8221; custom_margin=&#8221;||-14px|||&#8221; animation_style=&#8221;flip&#8221; animation_direction=&#8221;top&#8221; global_colors_info=&#8221;{}&#8221;]<\/p>\n<h3><strong>We want to become a Sponsor<\/strong><\/h3>\n<p>[\/et_pb_text][\/et_pb_column][\/et_pb_row][\/et_pb_section][et_pb_section fb_built=&#8221;1&#8243; _builder_version=&#8221;4.19.4&#8243; _module_preset=&#8221;default&#8221; custom_padding=&#8221;54px|||||&#8221; global_colors_info=&#8221;{}&#8221;][et_pb_row column_structure=&#8221;3_5,2_5&#8243; _builder_version=&#8221;4.19.4&#8243; _module_preset=&#8221;default&#8221; custom_margin=&#8221;-43px|auto||auto||&#8221; global_colors_info=&#8221;{}&#8221;][et_pb_column type=&#8221;3_5&#8243; _builder_version=&#8221;4.19.4&#8243; _module_preset=&#8221;default&#8221; global_colors_info=&#8221;{}&#8221;][et_pb_text _builder_version=&#8221;4.21.0&#8243; _module_preset=&#8221;default&#8221; custom_padding=&#8221;||0px|||&#8221; hover_enabled=&#8221;0&#8243; global_colors_info=&#8221;{}&#8221; sticky_enabled=&#8221;0&#8243;]<\/p>\n<h4><strong>Qualicer 2024 Sponsorship conditions <\/strong><\/h4>\n<p>Your company logo will be included in:<\/p>\n<ul>\n<li>the Qualicer 2024 programme and brochures<\/li>\n<li>the newsletters sent to more than 4,000 people from all over the world related to the ceramic sector.<\/li>\n<li>the Qualicer website with the corresponding link to the sponsor&#8217;s website<\/li>\n<li>the Congress venue&#8217;s decoration elements (panels, banners, stages, etc&#8230;)<\/li>\n<\/ul>\n<h4><strong>Sponsorship fees:<\/strong><\/h4>\n<table>\n<tbody>\n<tr>\n<td width=\"387\" valign=\"top\"><strong>3.000\u20ac<\/strong><\/td>\n<td width=\"546\" valign=\"top\"><strong>6.000\u20ac<\/strong><\/td>\n<\/tr>\n<tr>\n<td width=\"387\" valign=\"top\">\n<p>Includes:<\/p>\n<ul>\n<li><strong><span>On-site conference attendee<\/span><\/strong><span>:<br \/>3 registrations <\/span><\/li>\n<\/ul>\n<\/td>\n<td width=\"546\" valign=\"top\">\n<p>Includes:<\/p>\n<ul>\n<li><strong>In-person congress attendee<\/strong>: 3 registrations<\/li>\n<li><strong style=\"font-family: inherit; font-size: inherit;\">Online congress<\/strong><span style=\"font-family: inherit; font-size: inherit;\"> participant:<br \/><\/span>&#8211; 8 registrations (If you register before 31<sup style=\"font-family: inherit;\">st<\/sup><span style=\"font-family: inherit; font-size: inherit;\"> December)<br \/><\/span>-5 registrations ( if register from 1st January 2024 onwards)<\/li>\n<\/ul>\n<\/td>\n<\/tr>\n<\/tbody>\n<\/table>\n<p>The sponsorship fee can be paid in two instalments: 50% of the fee in 2023 and the second instalment in 2024.<\/p>\n<h4><strong>Qualicer 2024 registration fees:<\/strong><\/h4>\n<table>\n<tbody>\n<tr>\n<td width=\"233\"><strong>REGISTRATION TYPE<\/strong><\/td>\n<td width=\"116\"><strong>Before\u00a0 31\/12\/23<\/strong><\/td>\n<td width=\"123\"><strong>From 01\/01\/2024<\/strong><\/td>\n<td width=\"461\"><strong>INCLUDES:<\/strong><\/td>\n<\/tr>\n<tr>\n<td width=\"233\">In-person attendee<\/td>\n<td width=\"116\">390 \u20ac<\/td>\n<td width=\"123\">450 \u20ac<\/td>\n<td width=\"461\">On-site access to the congress venue, documentation, breakfasts and working lunches<\/td>\n<\/tr>\n<tr>\n<td width=\"233\">Online congress participant<\/td>\n<td width=\"116\">600 \u20ac<\/td>\n<td width=\"123\">800\u00a0\u20ac<\/td>\n<td width=\"461\">Online access to live streaming of the sessions as well as to the recordings<\/td>\n<\/tr>\n<\/tbody>\n<\/table>\n<p>&nbsp;<\/p>\n<ul><\/ul>\n<p>[\/et_pb_text][\/et_pb_column][et_pb_column type=&#8221;2_5&#8243; _builder_version=&#8221;4.19.4&#8243; _module_preset=&#8221;default&#8221; global_colors_info=&#8221;{}&#8221;][et_pb_blurb title=&#8221;Concha Llorens&#8221; use_icon=&#8221;on&#8221; font_icon=&#8221;&#xf007;||fa||900&#8243; icon_color=&#8221;#4646c4&#8243; icon_placement=&#8221;left&#8221; _builder_version=&#8221;4.19.4&#8243; _module_preset=&#8221;default&#8221; custom_margin=&#8221;||7px|||&#8221; global_colors_info=&#8221;{}&#8221;][\/et_pb_blurb][et_pb_blurb title=&#8221;qualicer@qualicer.org&#8221; use_icon=&#8221;on&#8221; font_icon=&#8221;&#xe076;||divi||400&#8243; icon_color=&#8221;#4646c4&#8243; icon_placement=&#8221;left&#8221; _builder_version=&#8221;4.19.4&#8243; _module_preset=&#8221;default&#8221; custom_margin=&#8221;||8px|||&#8221; global_colors_info=&#8221;{}&#8221;][\/et_pb_blurb][et_pb_blurb title=&#8221;+34 964 356 500&#8243; use_icon=&#8221;on&#8221; font_icon=&#8221;&#xe090;||divi||400&#8243; icon_color=&#8221;#4646c4&#8243; icon_placement=&#8221;left&#8221; _builder_version=&#8221;4.19.4&#8243; _module_preset=&#8221;default&#8221; custom_margin=&#8221;||19px|||&#8221; custom_padding=&#8221;||0px|||&#8221; global_colors_info=&#8221;{}&#8221;][\/et_pb_blurb][et_pb_image src=&#8221;https:\/\/www.qualicer.org\/wp-content\/uploads\/2023\/03\/CC-Qualicer22-Ambiente010.jpg&#8221; title_text=&#8221;CC-Qualicer22-Ambiente010&#8243; force_fullwidth=&#8221;on&#8221; align_tablet=&#8221;center&#8221; align_phone=&#8221;center&#8221; align_last_edited=&#8221;on|desktop&#8221; admin_label=&#8221;illustration&#8221; _builder_version=&#8221;4.20.0&#8243; animation_style=&#8221;slide&#8221; animation_direction=&#8221;right&#8221; animation_intensity_slide=&#8221;10%&#8221; border_radii=&#8221;on|20px|20px|20px|20px&#8221; global_colors_info=&#8221;{}&#8221;][\/et_pb_image][\/et_pb_column][\/et_pb_row][\/et_pb_section]<\/p>\n","protected":false},"excerpt":{"rendered":"<p>We want to become a SponsorQualicer 2024 Sponsorship conditions Your company logo will be included in: the Qualicer 2024 programme and brochures the newsletters sent to more than 4,000 people from all over the world related to the ceramic sector. the Qualicer website with the corresponding link to the sponsor&#8217;s website the Congress venue&#8217;s decoration [&hellip;]<\/p>\n","protected":false},"author":1,"featured_media":0,"parent":0,"menu_order":0,"comment_status":"closed","ping_status":"closed","template":"","meta":{"_et_pb_use_builder":"on","_et_pb_old_content":"[et_pb_section fb_built=\"1\" custom_padding_last_edited=\"off|desktop\" admin_label=\"Hero\" _builder_version=\"4.16\" use_background_color_gradient=\"on\" background_color_gradient_stops=\"#ffffff 0%|#e7edf9 100%\" background_color_gradient_start=\"#ffffff\" background_color_gradient_end=\"#e7edf9\" custom_margin=\"|||\" custom_padding=\"2px||2px|0px||\" custom_padding_tablet=\"130px||130px|\" global_colors_info=\"{}\"][et_pb_row column_structure=\"3_4,1_4\" admin_label=\"title and illustration\" _builder_version=\"4.19.4\" background_size=\"initial\" background_position=\"top_left\" background_repeat=\"repeat\" min_height=\"153px\" custom_margin=\"|||\" custom_padding=\"||0px|||\" global_colors_info=\"{}\"][et_pb_column type=\"3_4\" _builder_version=\"4.16\" custom_padding=\"|||\" global_colors_info=\"{}\" custom_padding__hover=\"|||\"][et_pb_text _builder_version=\"4.16\" header_font=\"Merriweather|700|||||||\" header_font_size=\"46px\" header_line_height=\"1.3em\" custom_margin=\"||0px|\" animation_style=\"flip\" animation_direction=\"top\" global_colors_info=\"{}\"]\n<h1>Quiero ser empresa patrocinadora<\/h1>\n[\/et_pb_text][et_pb_divider color=\"#4646c4\" divider_position=\"center\" divider_weight=\"2px\" _builder_version=\"4.16\" max_width=\"90px\" max_width_tablet=\"12%\" max_width_last_edited=\"off|desktop\" custom_margin=\"|||\" animation_style=\"flip\" animation_delay=\"50ms\" global_colors_info=\"{}\"][\/et_pb_divider][\/et_pb_column][et_pb_column type=\"1_4\" _builder_version=\"4.16\" custom_padding=\"|||\" global_colors_info=\"{}\" custom_padding__hover=\"|||\"][et_pb_image src=\"https:\/\/www.qualicer.org\/wp-content\/uploads\/2023\/01\/conference_illustration_07.png\" force_fullwidth=\"on\" align_tablet=\"center\" align_phone=\"center\" align_last_edited=\"on|desktop\" admin_label=\"illustration\" _builder_version=\"4.16\" animation_style=\"slide\" animation_direction=\"right\" animation_intensity_slide=\"10%\" global_colors_info=\"{}\"][\/et_pb_image][\/et_pb_column][\/et_pb_row][\/et_pb_section][et_pb_section fb_built=\"1\" _builder_version=\"4.19.4\" _module_preset=\"default\" custom_padding=\"54px|||||\" global_colors_info=\"{}\"][et_pb_row column_structure=\"3_5,2_5\" _builder_version=\"4.19.4\" _module_preset=\"default\" custom_margin=\"-43px|auto||auto||\" global_colors_info=\"{}\"][et_pb_column type=\"3_5\" _builder_version=\"4.19.4\" _module_preset=\"default\" global_colors_info=\"{}\"][et_pb_text _builder_version=\"4.19.4\" _module_preset=\"default\" custom_padding=\"||0px|||\" global_colors_info=\"{}\"]\n\n<strong>Condiciones del acuerdo de sponsorizaci\u00f3n para Qualicer 2024<\/strong>\n<ul>\n \t<li>El logotipo de su empresa se incluir\u00e1 en los folletos de Qualicer 2024 (Call for\npapers, abierta inscripci\u00f3n, programa, inlay del USB ponencias a debate\nQualicer 2024)<\/li>\n \t<li>Asimismo el logo de las empresas patrocinadoras aparece en las newsletters\nque se remiten a m\u00e1s de 4.000 destinatarios de todo el mundo.<\/li>\n \t<li>Su logotipo estar\u00e1 publicado en la p\u00e1gina web de Qualicer y en los elementos\nde ambientaci\u00f3n en sede del Congreso<\/li>\n \t<li>Link desde la p\u00e1gina web de Qualicer a su p\u00e1gina web<\/li>\n \t<li>TRES inscripciones al Congreso<\/li>\n<\/ul>\n<strong>Cuota: 3.000 euros m\u00e1s IVA<\/strong>\n\nDicha cuota se puede hacer efectiva en dos plazos, el primero de ellos&nbsp; del 50 % en 2023 y el segundo en 2024\n\n[\/et_pb_text][\/et_pb_column][et_pb_column type=\"2_5\" _builder_version=\"4.19.4\" _module_preset=\"default\" global_colors_info=\"{}\"][et_pb_blurb title=\"Concha Llorens\" use_icon=\"on\" font_icon=\"\uf007||fa||900\" icon_color=\"#4646c4\" icon_placement=\"left\" _builder_version=\"4.19.4\" _module_preset=\"default\" custom_margin=\"||19px|||\" global_colors_info=\"{}\"][\/et_pb_blurb][et_pb_blurb title=\"qualicer@qualicer.org\" use_icon=\"on\" font_icon=\"\ue076||divi||400\" icon_color=\"#4646c4\" icon_placement=\"left\" _builder_version=\"4.19.4\" _module_preset=\"default\" custom_margin=\"||19px|||\" global_colors_info=\"{}\"][\/et_pb_blurb][et_pb_blurb title=\"+34 964 356 500\" use_icon=\"on\" font_icon=\"\ue090||divi||400\" icon_color=\"#4646c4\" icon_placement=\"left\" _builder_version=\"4.19.4\" _module_preset=\"default\" custom_margin=\"||19px|||\" global_colors_info=\"{}\"][\/et_pb_blurb][et_pb_blurb title=\"Comit\u00e9 Organizador Qualicer - Secretar\u00eda del Congreso\" use_icon=\"on\" font_icon=\"\uf500||fa||900\" icon_color=\"#4646c4\" icon_placement=\"left\" _builder_version=\"4.19.4\" _module_preset=\"default\" custom_margin=\"||19px|||\" global_colors_info=\"{}\"][\/et_pb_blurb][et_pb_blurb title=\"C\u00e1mara Oficial de Comercio, Industria, Navegaci\u00f3n y Servicios de Castell\u00f3n\" use_icon=\"on\" font_icon=\"\uf3c5||fa||900\" icon_color=\"#4646c4\" icon_placement=\"left\" _builder_version=\"4.19.4\" _module_preset=\"default\" custom_margin=\"||19px|||\" global_colors_info=\"{}\"]\n\n<span>Avda. Hermanos Bou, 79<\/span>\n<span>12003 Castell\u00f3n . Espa\u00f1<\/span>\n\n[\/et_pb_blurb][\/et_pb_column][\/et_pb_row][\/et_pb_section]","_et_gb_content_width":"","footnotes":""},"class_list":["post-23515","page","type-page","status-publish","hentry"],"_links":{"self":[{"href":"https:\/\/www.qualicer.org\/en\/wp-json\/wp\/v2\/pages\/23515","targetHints":{"allow":["GET"]}}],"collection":[{"href":"https:\/\/www.qualicer.org\/en\/wp-json\/wp\/v2\/pages"}],"about":[{"href":"https:\/\/www.qualicer.org\/en\/wp-json\/wp\/v2\/types\/page"}],"author":[{"embeddable":true,"href":"https:\/\/www.qualicer.org\/en\/wp-json\/wp\/v2\/users\/1"}],"replies":[{"embeddable":true,"href":"https:\/\/www.qualicer.org\/en\/wp-json\/wp\/v2\/comments?post=23515"}],"version-history":[{"count":6,"href":"https:\/\/www.qualicer.org\/en\/wp-json\/wp\/v2\/pages\/23515\/revisions"}],"predecessor-version":[{"id":24174,"href":"https:\/\/www.qualicer.org\/en\/wp-json\/wp\/v2\/pages\/23515\/revisions\/24174"}],"wp:attachment":[{"href":"https:\/\/www.qualicer.org\/en\/wp-json\/wp\/v2\/media?parent=23515"}],"curies":[{"name":"wp","href":"https:\/\/api.w.org\/{rel}","templated":true}]}}