{"id":23211,"date":"2023-01-30T09:29:53","date_gmt":"2023-01-30T09:29:53","guid":{"rendered":"https:\/\/www.qualicer.org\/?page_id=23211"},"modified":"2025-05-06T12:00:53","modified_gmt":"2025-05-06T12:00:53","slug":"congress-contents","status":"publish","type":"page","link":"https:\/\/www.qualicer.org\/en\/congress-contents\/","title":{"rendered":"Congress Contents"},"content":{"rendered":"<p>[et_pb_section fb_built=&#8221;1&#8243; custom_padding_last_edited=&#8221;off|desktop&#8221; admin_label=&#8221;hero section&#8221; _builder_version=&#8221;4.20.0&#8243; use_background_color_gradient=&#8221;on&#8221; background_color_gradient_stops=&#8221;#ffffff 0%|#e7edf9 100%&#8221; background_color_gradient_start=&#8221;#ffffff&#8221; background_color_gradient_end=&#8221;#e7edf9&#8243; custom_margin=&#8221;|||&#8221; custom_padding=&#8221;20px||20px||false|false&#8221; custom_padding_tablet=&#8221;130px||130px|&#8221; locked=&#8221;off&#8221; global_colors_info=&#8221;{}&#8221;][et_pb_row column_structure=&#8221;2_3,1_3&#8243; admin_label=&#8221;title and illustration&#8221; _builder_version=&#8221;4.20.0&#8243; background_size=&#8221;initial&#8221; background_position=&#8221;top_left&#8221; background_repeat=&#8221;repeat&#8221; custom_margin=&#8221;|||&#8221; custom_padding=&#8221;||4px|||&#8221; global_colors_info=&#8221;{}&#8221;][et_pb_column type=&#8221;2_3&#8243; _builder_version=&#8221;4.16&#8243; custom_padding=&#8221;|||&#8221; global_colors_info=&#8221;{}&#8221; custom_padding__hover=&#8221;|||&#8221;][et_pb_text _builder_version=&#8221;4.20.0&#8243; text_font=&#8221;||||||||&#8221; header_font=&#8221;Merriweather|700|||||||&#8221; header_text_color=&#8221;#&#8221; header_font_size=&#8221;46px&#8221; header_line_height=&#8221;1.3em&#8221; custom_margin=&#8221;||0px|&#8221; animation_style=&#8221;flip&#8221; animation_direction=&#8221;top&#8221; global_colors_info=&#8221;{}&#8221;]<\/p>\n<h2><strong>Congress Contents<\/strong><\/h2>\n<p>[\/et_pb_text][et_pb_divider color=&#8221;#4646c4&#8243; divider_position=&#8221;center&#8221; divider_weight=&#8221;2px&#8221; _builder_version=&#8221;4.16&#8243; max_width=&#8221;90px&#8221; max_width_tablet=&#8221;12%&#8221; max_width_last_edited=&#8221;off|desktop&#8221; custom_margin=&#8221;|||&#8221; animation_style=&#8221;flip&#8221; animation_delay=&#8221;50ms&#8221; global_colors_info=&#8221;{}&#8221;][\/et_pb_divider][et_pb_text _builder_version=&#8221;4.20.0&#8243; text_font=&#8221;||||||||&#8221; text_font_size=&#8221;16px&#8221; text_line_height=&#8221;1.8em&#8221; custom_margin=&#8221;25px|||&#8221; animation_style=&#8221;flip&#8221; animation_direction=&#8221;top&#8221; animation_delay=&#8221;100ms&#8221; global_colors_info=&#8221;{}&#8221;]<\/p>\n<p>The subject matter is always directly or indirectly related to ceramic tile, addressed in innovative works from a historical analysis perspective, or as studies of its current situation or future prospects. Contents are divided into three blocks:<\/p>\n<p>[\/et_pb_text][et_pb_button button_url=&#8221;\/en\/congress-contents\/abstracts-received\/&#8221; button_text=&#8221;Abstracts received&#8221; _builder_version=&#8221;4.21.0&#8243; _module_preset=&#8221;default&#8221; custom_button=&#8221;on&#8221; button_text_color=&#8221;#212a5b&#8221; locked=&#8221;off&#8221; global_colors_info=&#8221;{}&#8221; disabled_on=&#8221;on|on|on&#8221; disabled=&#8221;on&#8221;][\/et_pb_button][\/et_pb_column][et_pb_column type=&#8221;1_3&#8243; _builder_version=&#8221;4.16&#8243; custom_padding=&#8221;|||&#8221; global_colors_info=&#8221;{}&#8221; custom_padding__hover=&#8221;|||&#8221;][et_pb_image src=&#8221;https:\/\/www.qualicer.org\/wp-content\/uploads\/2023\/03\/CC-Qualicer22-Sala-1-103-samuel-porcar.jpg&#8221; title_text=&#8221;CC-Qualicer22-Sala 1-103 samuel porcar&#8221; force_fullwidth=&#8221;on&#8221; align_tablet=&#8221;center&#8221; align_phone=&#8221;center&#8221; align_last_edited=&#8221;on|desktop&#8221; _builder_version=&#8221;4.20.0&#8243; animation_style=&#8221;slide&#8221; animation_direction=&#8221;right&#8221; animation_intensity_slide=&#8221;10%&#8221; border_radii=&#8221;on|20px|20px|20px|20px&#8221; always_center_on_mobile=&#8221;on&#8221; global_colors_info=&#8221;{}&#8221;][\/et_pb_image][\/et_pb_column][\/et_pb_row][\/et_pb_section][et_pb_section fb_built=&#8221;1&#8243; admin_label=&#8221;About&#8221; _builder_version=&#8221;4.19.4&#8243; custom_padding=&#8221;0px|0px|100px|0px|false|&#8221; locked=&#8221;off&#8221; global_colors_info=&#8221;{}&#8221;][et_pb_row column_structure=&#8221;1_3,1_3,1_3&#8243; _builder_version=&#8221;4.16&#8243; custom_margin=&#8221;|||&#8221; custom_padding=&#8221;|||&#8221; global_colors_info=&#8221;{}&#8221;][et_pb_column type=&#8221;1_3&#8243; _builder_version=&#8221;4.16&#8243; background_color=&#8221;#f5f9fb&#8221; custom_padding=&#8221;|||&#8221; global_colors_info=&#8221;{}&#8221; custom_padding__hover=&#8221;|||&#8221;][et_pb_text _builder_version=&#8221;4.19.5&#8243; text_font=&#8221;||||||||&#8221; text_text_color=&#8221;#7e7f94&#8243; text_line_height=&#8221;1.9em&#8221; header_font=&#8221;||||||||&#8221; header_2_font=&#8221;|600|||||||&#8221; header_2_text_color=&#8221;#7272ff&#8221; header_2_font_size=&#8221;19px&#8221; header_4_font=&#8221;Merriweather|700|||||||&#8221; header_4_text_color=&#8221;#4646c4&#8243; header_4_font_size=&#8221;20px&#8221; header_4_line_height=&#8221;1.7em&#8221; background_color=&#8221;#f5f9fb&#8221; text_orientation=&#8221;center&#8221; custom_margin=&#8221;|||&#8221; custom_padding=&#8221;20px|20px|0px|20px|false|false&#8221; animation_style=&#8221;slide&#8221; animation_direction=&#8221;bottom&#8221; animation_intensity_slide=&#8221;20%&#8221; animation_starting_opacity=&#8221;100%&#8221; global_colors_info=&#8221;{}&#8221;]<\/p>\n<h4><strong>Block A<span>\u00a0<\/span><\/strong><\/h4>\n<p><strong><span>Ceramic enterprise and markets<\/span><\/strong><\/p>\n<p>Digitalisation<br \/>Big data<br \/>Industry 4.0<br \/>Strategy and business management,<br \/>Innovation,<br \/>Costs,<br \/>Market research,<br \/>Outlook,<br \/>etc.<\/p>\n<p>[\/et_pb_text][\/et_pb_column][et_pb_column type=&#8221;1_3&#8243; _builder_version=&#8221;4.16&#8243; background_color=&#8221;#f5f9fb&#8221; background_size=&#8221;initial&#8221; background_position=&#8221;bottom_center&#8221; custom_padding=&#8221;|||&#8221; global_colors_info=&#8221;{}&#8221; custom_padding__hover=&#8221;|||&#8221;][et_pb_text _builder_version=&#8221;4.20.0&#8243; text_font=&#8221;||||||||&#8221; text_text_color=&#8221;#7e7f94&#8243; text_line_height=&#8221;1.9em&#8221; header_font=&#8221;||||||||&#8221; header_2_font=&#8221;|600|||||||&#8221; header_2_text_color=&#8221;#7272ff&#8221; header_2_font_size=&#8221;19px&#8221; header_4_font=&#8221;Merriweather|700|||||||&#8221; header_4_text_color=&#8221;#4646c4&#8243; header_4_font_size=&#8221;20px&#8221; header_4_line_height=&#8221;1.7em&#8221; background_color=&#8221;#f5f9fb&#8221; text_orientation=&#8221;center&#8221; custom_margin=&#8221;|||&#8221; custom_padding=&#8221;20px|20px|0px|20px|false|false&#8221; animation_style=&#8221;slide&#8221; animation_direction=&#8221;bottom&#8221; animation_intensity_slide=&#8221;20%&#8221; animation_starting_opacity=&#8221;100%&#8221; locked=&#8221;off&#8221; global_colors_info=&#8221;{}&#8221;]<\/p>\n<h4><strong>Block B <span>\u00a0<\/span><\/strong><\/h4>\n<p><strong>Ceramic tile and construction<\/strong><\/p>\n<p>Ceramic tiles in industrialised construction<br \/>New functionalities (integration of smart home elements) <br \/>Thermal and environmental comfort<br \/>Energy efficiency <br \/>Design<br \/>Accessibility<br \/>Sustainability<br \/>Customization of ceramics, <br \/>Installation and pathologies<br \/>Adhesives and grout materials<br \/>Rehabilitation <br \/>etc..<\/p>\n<p>[\/et_pb_text][\/et_pb_column][et_pb_column type=&#8221;1_3&#8243; _builder_version=&#8221;4.16&#8243; background_color=&#8221;#f5f9fb&#8221; custom_padding=&#8221;|||&#8221; global_colors_info=&#8221;{}&#8221; custom_padding__hover=&#8221;|||&#8221;][et_pb_text _builder_version=&#8221;4.20.0&#8243; text_font=&#8221;||||||||&#8221; text_text_color=&#8221;#7e7f94&#8243; text_line_height=&#8221;1.9em&#8221; header_font=&#8221;||||||||&#8221; header_2_font=&#8221;|600|||||||&#8221; header_2_text_color=&#8221;#7272ff&#8221; header_2_font_size=&#8221;19px&#8221; header_4_font=&#8221;Merriweather|700|||||||&#8221; header_4_text_color=&#8221;#4646c4&#8243; header_4_font_size=&#8221;20px&#8221; header_4_line_height=&#8221;1.7em&#8221; background_color=&#8221;#f5f9fb&#8221; text_orientation=&#8221;center&#8221; custom_margin=&#8221;|||&#8221; custom_padding=&#8221;20px|20px|0px|20px|false|false&#8221; animation_style=&#8221;slide&#8221; animation_direction=&#8221;bottom&#8221; animation_intensity_slide=&#8221;20%&#8221; animation_starting_opacity=&#8221;100%&#8221; locked=&#8221;off&#8221; global_colors_info=&#8221;{}&#8221;]<\/p>\n<h4><strong>Block C<span>\u00a0<\/span><\/strong><\/h4>\n<p><strong>Ceramic tile manufacture<\/strong><\/p>\n<p>Energy transition and low carbon industry<br \/>Development of glazes and pigments<br \/>Inkjet technology<br \/>Quality management<br \/>Energy and environmental management<br \/>Technological innovations<br \/>Raw materials and circular economy<br \/>New materials and\/or applications<br \/>Study and control of the manufacturing process<\/p>\n<p>[\/et_pb_text][\/et_pb_column][\/et_pb_row][\/et_pb_section]<\/p>\n","protected":false},"excerpt":{"rendered":"<p>Congress ContentsThe subject matter is always directly or indirectly related to ceramic tile, addressed in innovative works from a historical analysis perspective, or as studies of its current situation or future prospects. Contents are divided into three blocks:Block A\u00a0 Ceramic enterprise and markets DigitalisationBig dataIndustry 4.0Strategy and business management,Innovation,Costs,Market research,Outlook,etc.Block B \u00a0 Ceramic tile and [&hellip;]<\/p>\n","protected":false},"author":1,"featured_media":0,"parent":0,"menu_order":0,"comment_status":"closed","ping_status":"closed","template":"","meta":{"_et_pb_use_builder":"on","_et_pb_old_content":"[et_pb_section fb_built=\"1\" custom_padding_last_edited=\"off|desktop\" admin_label=\"hero section\" _builder_version=\"4.19.4\" use_background_color_gradient=\"on\" background_color_gradient_stops=\"#ffffff 0%|#e7edf9 100%\" background_color_gradient_start=\"#ffffff\" background_color_gradient_end=\"#e7edf9\" custom_margin=\"|||\" custom_padding=\"50px||50px||false|false\" custom_padding_tablet=\"130px||130px|\" global_colors_info=\"{}\"][et_pb_row column_structure=\"3_5,2_5\" admin_label=\"title and illustration\" _builder_version=\"4.19.4\" background_size=\"initial\" background_position=\"top_left\" background_repeat=\"repeat\" custom_margin=\"|||\" global_colors_info=\"{}\"][et_pb_column type=\"3_5\" _builder_version=\"4.16\" custom_padding=\"|||\" global_colors_info=\"{}\" custom_padding__hover=\"|||\"][et_pb_text _builder_version=\"4.19.4\" text_font=\"||||||||\" header_font=\"Merriweather|700|||||||\" header_text_color=\"#\" header_font_size=\"46px\" header_line_height=\"1.3em\" custom_margin=\"||0px|\" animation_style=\"flip\" animation_direction=\"top\" global_colors_info=\"{}\"]\n<h1>Tem\u00e1tica del congreso<\/h1>\n[\/et_pb_text][et_pb_divider color=\"#4646c4\" divider_position=\"center\" divider_weight=\"2px\" _builder_version=\"4.16\" max_width=\"90px\" max_width_tablet=\"12%\" max_width_last_edited=\"off|desktop\" custom_margin=\"|||\" animation_style=\"flip\" animation_delay=\"50ms\" global_colors_info=\"{}\"][\/et_pb_divider][et_pb_text _builder_version=\"4.19.4\" text_font=\"||||||||\" text_font_size=\"20px\" text_line_height=\"1.8em\" custom_margin=\"25px|||\" animation_style=\"flip\" animation_direction=\"top\" animation_delay=\"100ms\" global_colors_info=\"{}\"]\n\n<span>El contenido de&nbsp;<\/span><strong>Qualicer<\/strong><span>, que en los d\u00edas de celebraci\u00f3n del Congreso se presenta con el formato de ponencias, p\u00f3steres, conferencias y mesas debate se divide en tres bloques<\/span>\n\n[\/et_pb_text][\/et_pb_column][et_pb_column type=\"2_5\" _builder_version=\"4.16\" custom_padding=\"|||\" global_colors_info=\"{}\" custom_padding__hover=\"|||\"][et_pb_image src=\"https:\/\/www.qualicer.org\/wp-content\/uploads\/2023\/01\/conference_illustration_05.png\" force_fullwidth=\"on\" align_tablet=\"center\" align_phone=\"center\" align_last_edited=\"on|desktop\" _builder_version=\"4.16\" animation_style=\"slide\" animation_direction=\"right\" animation_intensity_slide=\"10%\" always_center_on_mobile=\"on\" global_colors_info=\"{}\"][\/et_pb_image][\/et_pb_column][\/et_pb_row][\/et_pb_section][et_pb_section fb_built=\"1\" admin_label=\"About\" _builder_version=\"4.19.4\" custom_padding=\"0px|0px|100px|0px|false|\" locked=\"off\" global_colors_info=\"{}\"][et_pb_row column_structure=\"1_3,1_3,1_3\" _builder_version=\"4.16\" custom_margin=\"|||\" custom_padding=\"|||\" global_colors_info=\"{}\"][et_pb_column type=\"1_3\" _builder_version=\"4.16\" background_color=\"#f5f9fb\" custom_padding=\"|||\" global_colors_info=\"{}\" custom_padding__hover=\"|||\"][et_pb_image src=\"https:\/\/www.qualicer.org\/wp-content\/uploads\/2023\/01\/conference_illustration_02.png\" show_bottom_space=\"off\" force_fullwidth=\"on\" align_tablet=\"center\" align_phone=\"center\" align_last_edited=\"on|desktop\" _builder_version=\"4.16\" animation_style=\"slide\" animation_direction=\"top\" animation_intensity_slide=\"10%\" animation_starting_opacity=\"100%\" global_colors_info=\"{}\"][\/et_pb_image][et_pb_text _builder_version=\"4.19.4\" text_font=\"||||||||\" text_text_color=\"#7e7f94\" text_line_height=\"1.9em\" header_font=\"||||||||\" header_2_font=\"|600|||||||\" header_2_text_color=\"#7272ff\" header_2_font_size=\"19px\" header_4_font=\"Merriweather|700|||||||\" header_4_text_color=\"#4646c4\" header_4_font_size=\"20px\" header_4_line_height=\"1.7em\" background_color=\"#f5f9fb\" text_orientation=\"center\" custom_margin=\"|||\" custom_padding=\"60px|40px|0px|40px|false|false\" animation_style=\"slide\" animation_direction=\"bottom\" animation_intensity_slide=\"20%\" animation_starting_opacity=\"100%\" global_colors_info=\"{}\"]\n<h4><strong>Bloque A<span>&nbsp;<\/span><\/strong><\/h4>\n<strong><span>Empresa cer\u00e1mica y mercados<\/span><\/strong>\n\n<span>Son temas como la estrategia empresarial, los mercados, la gesti\u00f3n empresarial, la innovaci\u00f3n, los costes, las relaciones con clientes, proveedores, recursos humanos y otros agentes de la industria, as\u00ed como estudios de mercado o sectoriales que puedan aportar informaci\u00f3n clave y servir como referencia para entender la situaci\u00f3n de la industria y sus perspectivas o que realicen recomendaciones sobre regulaci\u00f3n y pol\u00edtica industrial, laboral, etc.<\/span>\n\n[\/et_pb_text][et_pb_button button_url=\"\/quiero-ser-empresa-patrocinadora\/\" button_text=\"M\u00e1s informaci\u00f3n\" button_alignment=\"center\" _builder_version=\"4.19.4\" _module_preset=\"default\" custom_button=\"on\" button_text_color=\"#4646c4\" custom_margin=\"||20px||false|false\" background_layout_last_edited=\"off|desktop\" locked=\"off\" global_colors_info=\"{}\" background_layout__hover_enabled=\"off|desktop\"][\/et_pb_button][\/et_pb_column][et_pb_column type=\"1_3\" _builder_version=\"4.16\" background_color=\"#f5f9fb\" background_size=\"initial\" background_position=\"bottom_center\" custom_padding=\"|||\" global_colors_info=\"{}\" custom_padding__hover=\"|||\"][et_pb_image src=\"https:\/\/www.qualicer.org\/wp-content\/uploads\/2023\/01\/conference_illustration_03.png\" url=\"\/tematica-del-congreso\/bloque-b\/\" use_overlay=\"on\" hover_icon=\"\uf35d||fa||900\" show_bottom_space=\"off\" force_fullwidth=\"on\" align_tablet=\"center\" align_phone=\"center\" align_last_edited=\"on|desktop\" _builder_version=\"4.19.4\" custom_padding=\"||0px|||\" animation_style=\"slide\" animation_direction=\"top\" animation_delay=\"100ms\" animation_intensity_slide=\"10%\" animation_starting_opacity=\"100%\" locked=\"off\" global_colors_info=\"{}\"][\/et_pb_image][et_pb_text _builder_version=\"4.19.4\" text_font=\"||||||||\" text_text_color=\"#7e7f94\" text_line_height=\"1.9em\" header_font=\"||||||||\" header_2_font=\"|600|||||||\" header_2_text_color=\"#7272ff\" header_2_font_size=\"19px\" header_4_font=\"Merriweather|700|||||||\" header_4_text_color=\"#4646c4\" header_4_font_size=\"20px\" header_4_line_height=\"1.7em\" background_color=\"#f5f9fb\" text_orientation=\"center\" custom_margin=\"|||\" custom_padding=\"30px|30px||30px|false|false\" animation_style=\"slide\" animation_direction=\"bottom\" animation_intensity_slide=\"20%\" animation_starting_opacity=\"100%\" link_option_url=\"\/tematica-del-congreso\/bloque-b\/\" locked=\"off\" global_colors_info=\"{}\"]\n<h4><strong>Bloque B<span>&nbsp;<\/span><\/strong><\/h4>\n<strong>La baldosa cer\u00e1mica y la construcci\u00f3n<\/strong>\n\n<span>Son temas como la historia, el presente y el futuro de la baldosa cer\u00e1mica en proyectos de arquitectura e interiorismo as\u00ed como las nuevas tecnolog\u00edas digitales utilizadas en ellos, BIM, etc.&nbsp; Tambi\u00e9n temas como la construcci\u00f3n industrializada o modular, sostenibilidad e impacto ambiental en la fase de uso del producto, la certificaci\u00f3n energ\u00e9tica, as\u00ed como todo lo relativo a la instalaci\u00f3n, adhesivos, ensayos, aplicaciones especiales, est\u00e1ndares de calidad, patolog\u00edas, mantenimiento, etc.<\/span>\n\n[\/et_pb_text][et_pb_button button_url=\"\/tematica-del-congreso\/bloque-b\/\" button_text=\"M\u00e1s informaci\u00f3n\" button_alignment=\"center\" _builder_version=\"4.19.4\" _module_preset=\"default\" custom_button=\"on\" button_text_color=\"#4646c4\" custom_margin=\"||20px||false|false\" background_layout_last_edited=\"off|desktop\" locked=\"off\" global_colors_info=\"{}\" background_layout__hover_enabled=\"off|desktop\"][\/et_pb_button][\/et_pb_column][et_pb_column type=\"1_3\" _builder_version=\"4.16\" background_color=\"#f5f9fb\" custom_padding=\"|||\" global_colors_info=\"{}\" custom_padding__hover=\"|||\"][et_pb_image src=\"https:\/\/www.qualicer.org\/wp-content\/uploads\/2023\/01\/conference_illustration_04.png\" show_bottom_space=\"off\" force_fullwidth=\"on\" align_tablet=\"center\" align_phone=\"center\" align_last_edited=\"on|desktop\" _builder_version=\"4.16\" animation_style=\"slide\" animation_direction=\"top\" animation_delay=\"200ms\" animation_intensity_slide=\"10%\" animation_starting_opacity=\"100%\" locked=\"off\" global_colors_info=\"{}\"][\/et_pb_image][et_pb_text _builder_version=\"4.19.4\" text_font=\"||||||||\" text_text_color=\"#7e7f94\" text_line_height=\"1.9em\" header_font=\"||||||||\" header_2_font=\"|600|||||||\" header_2_text_color=\"#7272ff\" header_2_font_size=\"19px\" header_4_font=\"Merriweather|700|||||||\" header_4_text_color=\"#4646c4\" header_4_font_size=\"20px\" header_4_line_height=\"1.7em\" background_color=\"#f5f9fb\" text_orientation=\"center\" custom_margin=\"|||\" custom_padding=\"60px|40px|0px|40px||\" animation_style=\"slide\" animation_direction=\"bottom\" animation_intensity_slide=\"20%\" animation_starting_opacity=\"100%\" locked=\"off\" global_colors_info=\"{}\"]\n<h4><strong>Bloque C<span>&nbsp;<\/span><\/strong><\/h4>\n<strong>Fabricaci\u00f3n de la baldosa cer\u00e1mic<\/strong>\n\n<span>Son temas como la gesti\u00f3n de la producci\u00f3n, selecci\u00f3n y preparaci\u00f3n de materias primas, equipamiento y procesos industriales, ingenier\u00eda de procesos y gesti\u00f3n de la calidad, est\u00e1ndares, gesti\u00f3n energ\u00e9tica y ambiental en la fase fabricaci\u00f3n, e innovaciones tecnol\u00f3gicas en productos, procesos y equipos, etc.&nbsp; Tambi\u00e9n temas relativos a la gesti\u00f3n integral de innovaciones, herramientas, tendencias, an\u00e1lisis de ciclo de vida, etc.<\/span>\n\n[\/et_pb_text][et_pb_button button_url=\"\/quiero-ser-empresa-patrocinadora\/\" button_text=\"M\u00e1s informaci\u00f3n\" button_alignment=\"center\" _builder_version=\"4.19.4\" _module_preset=\"default\" custom_button=\"on\" button_text_color=\"#4646c4\" custom_margin=\"||20px||false|false\" background_layout_last_edited=\"off|desktop\" locked=\"off\" global_colors_info=\"{}\" background_layout__hover_enabled=\"off|desktop\"][\/et_pb_button][\/et_pb_column][\/et_pb_row][\/et_pb_section]","_et_gb_content_width":"","footnotes":""},"class_list":["post-23211","page","type-page","status-publish","hentry"],"_links":{"self":[{"href":"https:\/\/www.qualicer.org\/en\/wp-json\/wp\/v2\/pages\/23211","targetHints":{"allow":["GET"]}}],"collection":[{"href":"https:\/\/www.qualicer.org\/en\/wp-json\/wp\/v2\/pages"}],"about":[{"href":"https:\/\/www.qualicer.org\/en\/wp-json\/wp\/v2\/types\/page"}],"author":[{"embeddable":true,"href":"https:\/\/www.qualicer.org\/en\/wp-json\/wp\/v2\/users\/1"}],"replies":[{"embeddable":true,"href":"https:\/\/www.qualicer.org\/en\/wp-json\/wp\/v2\/comments?post=23211"}],"version-history":[{"count":14,"href":"https:\/\/www.qualicer.org\/en\/wp-json\/wp\/v2\/pages\/23211\/revisions"}],"predecessor-version":[{"id":26095,"href":"https:\/\/www.qualicer.org\/en\/wp-json\/wp\/v2\/pages\/23211\/revisions\/26095"}],"wp:attachment":[{"href":"https:\/\/www.qualicer.org\/en\/wp-json\/wp\/v2\/media?parent=23211"}],"curies":[{"name":"wp","href":"https:\/\/api.w.org\/{rel}","templated":true}]}}